{"id":480,"date":"2025-08-20T11:02:11","date_gmt":"2025-08-20T11:02:11","guid":{"rendered":"https:\/\/silkroadbiz.com\/decouvrez-si-vous-etes-eligible-pour-demander-la-carte-five-star-en-chine\/"},"modified":"2025-09-21T10:51:21","modified_gmt":"2025-09-21T10:51:21","slug":"decouvrez-si-vous-etes-eligible-pour-demander-la-carte-five-star-en-chine","status":"publish","type":"page","link":"https:\/\/silkroadbiz.com\/fr\/decouvrez-si-vous-etes-eligible-pour-demander-la-carte-five-star-en-chine\/","title":{"rendered":"D\u00e9couvrez si vous \u00eates \u00e9ligible pour demander la carte Five-Star en Chine"},"content":{"rendered":"\t\t<div data-elementor-type=\"wp-page\" data-elementor-id=\"480\" class=\"elementor elementor-480 elementor-81\" data-elementor-post-type=\"page\">\n\t\t\t\t\t\t<section class=\"elementor-section elementor-top-section elementor-element elementor-element-2be6941b elementor-section-boxed elementor-section-height-default elementor-section-height-default\" data-id=\"2be6941b\" data-element_type=\"section\" data-settings=\"{&quot;background_background&quot;:&quot;classic&quot;}\">\n\t\t\t\t\t\t<div class=\"elementor-container elementor-column-gap-default\">\n\t\t\t\t\t<div class=\"elementor-column elementor-col-100 elementor-top-column elementor-element elementor-element-24403542\" data-id=\"24403542\" data-element_type=\"column\">\n\t\t\t<div class=\"elementor-widget-wrap elementor-element-populated\">\n\t\t\t\t\t\t<div class=\"elementor-element elementor-element-e1369d9 elementor-widget elementor-widget-image\" data-id=\"e1369d9\" data-element_type=\"widget\" data-widget_type=\"image.default\">\n\t\t\t\t\t\t\t\t\t\t\t\t\t\t\t<img fetchpriority=\"high\" decoding=\"async\" width=\"705\" height=\"220\" src=\"https:\/\/silkroadbiz.com\/wp-content\/uploads\/2025\/08\/2_silkroadbiz_logo_ar_white.png\" class=\"attachment-2048x2048 size-2048x2048 wp-image-481\" alt=\"\" srcset=\"https:\/\/silkroadbiz.com\/wp-content\/uploads\/2025\/08\/2_silkroadbiz_logo_ar_white.png 705w, https:\/\/silkroadbiz.com\/wp-content\/uploads\/2025\/08\/2_silkroadbiz_logo_ar_white-300x94.png 300w\" sizes=\"(max-width: 705px) 100vw, 705px\" \/>\t\t\t\t\t\t\t\t\t\t\t\t\t\t\t<\/div>\n\t\t\t\t\t<\/div>\n\t\t<\/div>\n\t\t\t\t\t<\/div>\n\t\t<\/section>\n\t\t\t\t<section class=\"elementor-section elementor-top-section elementor-element elementor-element-3f6f703e elementor-section-boxed elementor-section-height-default elementor-section-height-default\" data-id=\"3f6f703e\" data-element_type=\"section\" data-settings=\"{&quot;background_background&quot;:&quot;classic&quot;}\">\n\t\t\t\t\t\t<div class=\"elementor-container elementor-column-gap-default\">\n\t\t\t\t\t<div class=\"elementor-column elementor-col-100 elementor-top-column elementor-element elementor-element-4a7fb2c5\" data-id=\"4a7fb2c5\" data-element_type=\"column\" data-settings=\"{&quot;background_background&quot;:&quot;classic&quot;}\">\n\t\t\t<div class=\"elementor-widget-wrap elementor-element-populated\">\n\t\t\t\t\t\t<div class=\"elementor-element elementor-element-503e964a elementor-widget elementor-widget-heading\" data-id=\"503e964a\" data-element_type=\"widget\" data-widget_type=\"heading.default\">\n\t\t\t\t\t<h1 class=\"elementor-heading-title elementor-size-default\">\u00cates-vous \u00e9ligible \u00e0 la r\u00e9sidence permanente en Chine ?<\/h1>\t\t\t\t<\/div>\n\t\t\t\t<div class=\"elementor-element elementor-element-1b022d90 elementor-widget elementor-widget-heading\" data-id=\"1b022d90\" data-element_type=\"widget\" data-widget_type=\"heading.default\">\n\t\t\t\t\t<h2 class=\"elementor-heading-title elementor-size-default\">R\u00e9pondez \u00e0 quelques questions rapides pour savoir si vous \u00eates \u00e9ligible \u00e0 la demande de la carte Five-Star en Chine avec Silk Road pour la cr\u00e9ation d'entreprises, les r\u00e9sidences et les services bancaires<\/h2>\t\t\t\t<\/div>\n\t\t\t\t\t<\/div>\n\t\t<\/div>\n\t\t\t\t\t<\/div>\n\t\t<\/section>\n\t\t<div class=\"elementor-element elementor-element-9070934 e-flex e-con-boxed e-con e-parent\" data-id=\"9070934\" data-element_type=\"container\" data-settings=\"{&quot;background_background&quot;:&quot;classic&quot;}\">\n\t\t\t\t\t<div class=\"e-con-inner\">\n\t\t\t\t<div class=\"elementor-element elementor-element-c9f3339 elementor-widget__width-initial elementor-widget elementor-widget-html\" data-id=\"c9f3339\" data-element_type=\"widget\" data-widget_type=\"html.default\">\n\t\t\t\t\t\r\n    <iframe id=\"JotFormIFrame-252295780893067\" title=\"silkroadbiz.com_carte_verte_chinoise_int\u00e9ress\u00e9_fr_march\u00e9chinois\" onload=\"window.parent.scrollTo(0,0)\" allowtransparency=\"true\" allow=\"geolocation; microphone; camera; fullscreen; payment\" src=\"https:\/\/form.jotform.com\/252295780893067\" frameborder=\"0\" style=\"min-width:100%;max-width:100%;height:539px;border:none;\" scrolling=\"no\">\r\n    <\/iframe>\r\n    <script src=\"https:\/\/cdn.jotfor.ms\/s\/umd\/latest\/for-form-embed-handler.js\"><\/script>\r\n    <script>window.jotformEmbedHandler(\"iframe[id='JotFormIFrame-252295780893067']\", \"https:\/\/form.jotform.com\/\")<\/script>\r\n    \t\t\t\t<\/div>\n\t\t\t\t\t<\/div>\n\t\t\t\t<\/div>\n\t\t\t\t<section class=\"elementor-section elementor-top-section elementor-element elementor-element-2acc741c elementor-section-boxed elementor-section-height-default elementor-section-height-default\" data-id=\"2acc741c\" data-element_type=\"section\" data-settings=\"{&quot;background_background&quot;:&quot;classic&quot;}\">\n\t\t\t\t\t\t<div class=\"elementor-container elementor-column-gap-default\">\n\t\t\t\t\t<div class=\"elementor-column elementor-col-100 elementor-top-column elementor-element elementor-element-3c361c45\" data-id=\"3c361c45\" data-element_type=\"column\">\n\t\t\t<div class=\"elementor-widget-wrap elementor-element-populated\">\n\t\t\t\t\t\t<div class=\"elementor-element elementor-element-657c4d0c elementor-widget elementor-widget-heading\" data-id=\"657c4d0c\" data-element_type=\"widget\" data-widget_type=\"heading.default\">\n\t\t\t\t\t<h2 class=\"elementor-heading-title elementor-size-default\">Lancez votre entreprise en Chine en toute confiance... Votre soci\u00e9t\u00e9, votre r\u00e9sidence, et votre banque avec Silk Road \u00e0 port\u00e9e de main<\/h2>\t\t\t\t<\/div>\n\t\t\t\t<div class=\"elementor-element elementor-element-40d642a2 elementor-mobile-align-center elementor-align-center elementor-widget elementor-widget-button\" data-id=\"40d642a2\" data-element_type=\"widget\" data-widget_type=\"button.default\">\n\t\t\t\t\t\t\t\t\t\t<a class=\"elementor-button elementor-size-sm\" role=\"button\">\n\t\t\t\t\t\t<span class=\"elementor-button-content-wrapper\">\n\t\t\t\t\t\t\t\t\t<span class=\"elementor-button-text\">Profitez de nos services maintenant<\/span>\n\t\t\t\t\t<\/span>\n\t\t\t\t\t<\/a>\n\t\t\t\t\t\t\t\t<\/div>\n\t\t\t\t\t<\/div>\n\t\t<\/div>\n\t\t\t\t\t<\/div>\n\t\t<\/section>\n\t\t<div class=\"elementor-element elementor-element-6867731 e-flex e-con-boxed e-con e-parent\" data-id=\"6867731\" data-element_type=\"container\" data-settings=\"{&quot;background_background&quot;:&quot;classic&quot;}\">\n\t\t\t\t\t<div class=\"e-con-inner\">\n\t\t<div class=\"elementor-element elementor-element-0fea5b9 e-con-full e-flex e-con e-child\" data-id=\"0fea5b9\" data-element_type=\"container\">\n\t\t\t\t<div class=\"elementor-element elementor-element-7b15a43 elementor-widget elementor-widget-image\" data-id=\"7b15a43\" data-element_type=\"widget\" data-widget_type=\"image.default\">\n\t\t\t\t\t\t\t\t\t\t\t\t\t\t\t<img decoding=\"async\" width=\"2048\" height=\"864\" src=\"https:\/\/silkroadbiz.com\/wp-content\/uploads\/2025\/08\/Artboard-18-copy-79-2048x864.png\" class=\"attachment-2048x2048 size-2048x2048 wp-image-68\" alt=\"\" srcset=\"https:\/\/silkroadbiz.com\/wp-content\/uploads\/2025\/08\/Artboard-18-copy-79-2048x864.png 2048w, https:\/\/silkroadbiz.com\/wp-content\/uploads\/2025\/08\/Artboard-18-copy-79-300x126.png 300w, https:\/\/silkroadbiz.com\/wp-content\/uploads\/2025\/08\/Artboard-18-copy-79-1024x432.png 1024w, https:\/\/silkroadbiz.com\/wp-content\/uploads\/2025\/08\/Artboard-18-copy-79-768x324.png 768w, https:\/\/silkroadbiz.com\/wp-content\/uploads\/2025\/08\/Artboard-18-copy-79-1536x648.png 1536w\" sizes=\"(max-width: 2048px) 100vw, 2048px\" \/>\t\t\t\t\t\t\t\t\t\t\t\t\t\t\t<\/div>\n\t\t\t\t<div class=\"elementor-element elementor-element-19df9ad elementor-widget elementor-widget-heading\" data-id=\"19df9ad\" data-element_type=\"widget\" data-widget_type=\"heading.default\">\n\t\t\t\t\t<h2 class=\"elementor-heading-title elementor-size-default\">Silk Road pour la cr\u00e9ation d'entreprises, les r\u00e9sidences et les services bancaires, l'une des soci\u00e9t\u00e9s du groupe Silk Road fond\u00e9 par Dr. Abdul Karim Anf, inspir\u00e9e par l'esprit de la plus ancienne route commerciale reliant la Chine au monde. Au c\u0153ur du march\u00e9 chinois, nous fournissons des services complets pour la cr\u00e9ation d'entreprises, l'ouverture de comptes bancaires, et les proc\u00e9dures de r\u00e9sidence, avec un soutien professionnel et des conseils directs pour garantir une exp\u00e9rience fluide et r\u00e9ussie.<\/h2>\t\t\t\t<\/div>\n\t\t\t\t<\/div>\n\t\t<div class=\"elementor-element elementor-element-39057cb e-con-full e-flex e-con e-child\" data-id=\"39057cb\" data-element_type=\"container\">\n\t\t\t\t<div class=\"elementor-element elementor-element-22e5f60 elementor-widget elementor-widget-heading\" data-id=\"22e5f60\" data-element_type=\"widget\" data-widget_type=\"heading.default\">\n\t\t\t\t\t<h2 class=\"elementor-heading-title elementor-size-default\">Adresse : 11e \u00e9tage, Jinsha Daduhui, Huanzhou Second Road, Jinsha Street, District de Baiyun, Ville de Guangzhou, Province du Guangdong, Chine\n<br>Adresse e-mail : info@esilkroadacademy.com\n<br><\/h2>\t\t\t\t<\/div>\n\t\t\t\t<div class=\"elementor-element elementor-element-23ef187 elementor-align-left elementor-mobile-align-left elementor-icon-list--layout-traditional elementor-list-item-link-full_width elementor-widget elementor-widget-icon-list\" data-id=\"23ef187\" data-element_type=\"widget\" data-widget_type=\"icon-list.default\">\n\t\t\t\t\t\t\t<ul class=\"elementor-icon-list-items\">\n\t\t\t\t\t\t\t<li class=\"elementor-icon-list-item\">\n\t\t\t\t\t\t\t\t\t\t\t<a href=\"http:\/\/esilkroadacademy.com\/about-us\/\">\n\n\t\t\t\t\t\t\t\t\t\t\t\t<span class=\"elementor-icon-list-icon\">\n\t\t\t\t\t\t\t<svg aria-hidden=\"true\" class=\"e-font-icon-svg e-fas-info-circle\" viewBox=\"0 0 512 512\" xmlns=\"http:\/\/www.w3.org\/2000\/svg\"><path d=\"M256 8C119.043 8 8 119.083 8 256c0 136.997 111.043 248 248 248s248-111.003 248-248C504 119.083 392.957 8 256 8zm0 110c23.196 0 42 18.804 42 42s-18.804 42-42 42-42-18.804-42-42 18.804-42 42-42zm56 254c0 6.627-5.373 12-12 12h-88c-6.627 0-12-5.373-12-12v-24c0-6.627 5.373-12 12-12h12v-64h-12c-6.627 0-12-5.373-12-12v-24c0-6.627 5.373-12 12-12h64c6.627 0 12 5.373 12 12v100h12c6.627 0 12 5.373 12 12v24z\"><\/path><\/svg>\t\t\t\t\t\t<\/span>\n\t\t\t\t\t\t\t\t\t\t<span class=\"elementor-icon-list-text\">Qui sommes-nous<\/span>\n\t\t\t\t\t\t\t\t\t\t\t<\/a>\n\t\t\t\t\t\t\t\t\t<\/li>\n\t\t\t\t\t\t\t\t<li class=\"elementor-icon-list-item\">\n\t\t\t\t\t\t\t\t\t\t\t<a href=\"http:\/\/esilkroadacademy.com\/terms\/\">\n\n\t\t\t\t\t\t\t\t\t\t\t\t<span class=\"elementor-icon-list-icon\">\n\t\t\t\t\t\t\t<svg aria-hidden=\"true\" class=\"e-font-icon-svg e-fas-gavel\" viewBox=\"0 0 512 512\" xmlns=\"http:\/\/www.w3.org\/2000\/svg\"><path d=\"M504.971 199.362l-22.627-22.627c-9.373-9.373-24.569-9.373-33.941 0l-5.657 5.657L329.608 69.255l5.657-5.657c9.373-9.373 9.373-24.569 0-33.941L312.638 7.029c-9.373-9.373-24.569-9.373-33.941 0L154.246 131.48c-9.373 9.373-9.373 24.569 0 33.941l22.627 22.627c9.373 9.373 24.569 9.373 33.941 0l5.657-5.657 39.598 39.598-81.04 81.04-5.657-5.657c-12.497-12.497-32.758-12.497-45.255 0L9.373 412.118c-12.497 12.497-12.497 32.758 0 45.255l45.255 45.255c12.497 12.497 32.758 12.497 45.255 0l114.745-114.745c12.497-12.497 12.497-32.758 0-45.255l-5.657-5.657 81.04-81.04 39.598 39.598-5.657 5.657c-9.373 9.373-9.373 24.569 0 33.941l22.627 22.627c9.373 9.373 24.569 9.373 33.941 0l124.451-124.451c9.372-9.372 9.372-24.568 0-33.941z\"><\/path><\/svg>\t\t\t\t\t\t<\/span>\n\t\t\t\t\t\t\t\t\t\t<span class=\"elementor-icon-list-text\">Conditions g\u00e9n\u00e9rales<\/span>\n\t\t\t\t\t\t\t\t\t\t\t<\/a>\n\t\t\t\t\t\t\t\t\t<\/li>\n\t\t\t\t\t\t\t\t<li class=\"elementor-icon-list-item\">\n\t\t\t\t\t\t\t\t\t\t\t<a href=\"http:\/\/esilkroadacademy.com\/contact-us\/\">\n\n\t\t\t\t\t\t\t\t\t\t\t\t<span class=\"elementor-icon-list-icon\">\n\t\t\t\t\t\t\t<svg aria-hidden=\"true\" class=\"e-font-icon-svg e-fas-phone-alt\" viewBox=\"0 0 512 512\" xmlns=\"http:\/\/www.w3.org\/2000\/svg\"><path d=\"M497.39 361.8l-112-48a24 24 0 0 0-28 6.9l-49.6 60.6A370.66 370.66 0 0 1 130.6 204.11l60.6-49.6a23.94 23.94 0 0 0 6.9-28l-48-112A24.16 24.16 0 0 0 122.6.61l-104 24A24 24 0 0 0 0 48c0 256.5 207.9 464 464 464a24 24 0 0 0 23.4-18.6l24-104a24.29 24.29 0 0 0-14.01-27.6z\"><\/path><\/svg>\t\t\t\t\t\t<\/span>\n\t\t\t\t\t\t\t\t\t\t<span class=\"elementor-icon-list-text\">Contactez-nous<\/span>\n\t\t\t\t\t\t\t\t\t\t\t<\/a>\n\t\t\t\t\t\t\t\t\t<\/li>\n\t\t\t\t\t\t<\/ul>\n\t\t\t\t\t\t<\/div>\n\t\t\t\t<div class=\"elementor-element elementor-element-5f82ecb elementor-widget-divider--view-line_text elementor-widget-divider--element-align-center elementor-widget elementor-widget-divider\" data-id=\"5f82ecb\" data-element_type=\"widget\" data-widget_type=\"divider.default\">\n\t\t\t\t\t\t\t<div class=\"elementor-divider\">\n\t\t\t<span class=\"elementor-divider-separator\">\n\t\t\t\t\t\t\t<span class=\"elementor-divider__text elementor-divider__element\">\n\t\t\t\tTous droits r\u00e9serv\u00e9s \u00a9 2025\t\t\t\t<\/span>\n\t\t\t\t\t\t<\/span>\n\t\t<\/div>\n\t\t\t\t\t\t<\/div>\n\t\t\t\t<\/div>\n\t\t\t\t\t<\/div>\n\t\t\t\t<\/div>\n\t\t\t\t<\/div>\n\t\t","protected":false},"excerpt":{"rendered":"<p>\u00cates-vous \u00e9ligible \u00e0 la r\u00e9sidence permanente en Chine ? R\u00e9pondez \u00e0 quelques questions rapides pour savoir si vous \u00eates \u00e9ligible \u00e0 la demande de la carte Five-Star en Chine avec Silk Road pour la cr\u00e9ation d&rsquo;entreprises, les r\u00e9sidences et les services bancaires Lancez votre entreprise en Chine en toute confiance&#8230; Votre soci\u00e9t\u00e9, votre r\u00e9sidence, et [&hellip;]<\/p>\n","protected":false},"author":1,"featured_media":0,"parent":0,"menu_order":0,"comment_status":"closed","ping_status":"closed","template":"elementor_canvas","meta":{"footnotes":""},"page_category":[],"class_list":["post-480","page","type-page","status-publish","hentry"],"_links":{"self":[{"href":"https:\/\/silkroadbiz.com\/fr\/wp-json\/wp\/v2\/pages\/480","targetHints":{"allow":["GET"]}}],"collection":[{"href":"https:\/\/silkroadbiz.com\/fr\/wp-json\/wp\/v2\/pages"}],"about":[{"href":"https:\/\/silkroadbiz.com\/fr\/wp-json\/wp\/v2\/types\/page"}],"author":[{"embeddable":true,"href":"https:\/\/silkroadbiz.com\/fr\/wp-json\/wp\/v2\/users\/1"}],"replies":[{"embeddable":true,"href":"https:\/\/silkroadbiz.com\/fr\/wp-json\/wp\/v2\/comments?post=480"}],"version-history":[{"count":1,"href":"https:\/\/silkroadbiz.com\/fr\/wp-json\/wp\/v2\/pages\/480\/revisions"}],"predecessor-version":[{"id":482,"href":"https:\/\/silkroadbiz.com\/fr\/wp-json\/wp\/v2\/pages\/480\/revisions\/482"}],"wp:attachment":[{"href":"https:\/\/silkroadbiz.com\/fr\/wp-json\/wp\/v2\/media?parent=480"}],"wp:term":[{"taxonomy":"page_category","embeddable":true,"href":"https:\/\/silkroadbiz.com\/fr\/wp-json\/wp\/v2\/page_category?post=480"}],"curies":[{"name":"wp","href":"https:\/\/api.w.org\/{rel}","templated":true}]}}